{"id":153,"date":"2022-11-19T13:25:25","date_gmt":"2022-11-19T10:25:25","guid":{"rendered":"https:\/\/sarjkurulum.com\/?page_id=153"},"modified":"2023-10-06T21:36:43","modified_gmt":"2023-10-06T18:36:43","slug":"fiyatlar","status":"publish","type":"page","link":"https:\/\/sarjkurulum.com\/index.php\/fiyatlar\/","title":{"rendered":"Fiyatlar"},"content":{"rendered":"\n<p>&#8220;Elektrikli Ara\u00e7 \u015earj Sistemleri Hizmetiyle \u0130lgili Fiyatlar Konusunda Bilgi Al\u0131n!&#8221;<\/p>\n\n\n\n<p>Elektrikli ara\u00e7 sahipleri i\u00e7in kaliteli \u015farj sistemleri sunan <strong>\u015farj kurulum<\/strong>, sizin i\u00e7in en uygun \u00e7\u00f6z\u00fcmleri sunmak i\u00e7in burada! Fiyatlar konusunda sizi direkt olarak do\u011frudan bilgilendirmek yerine, ihtiyac\u0131n\u0131za \u00f6zel bir teklif sunabilmemiz i\u00e7in l\u00fctfen bizimle <a href=\"https:\/\/sarjkurulum.com\/index.php\/iletisim\/\" title=\"\">ileti\u015fime <\/a>ge\u00e7in.<\/p>\n\n\n\n<p>Kurulum yerinizden, kablo uzunlu\u011fundan, panonun \u00f6zelliklerine kadar t\u00fcm detaylar\u0131 \u00f6\u011frenmek i\u00e7in bizimle ileti\u015fime ge\u00e7in. Ald\u0131\u011f\u0131m\u0131z bilgilere dayanarak size \u00f6zel bir fiyat teklifi haz\u0131rlayacak ve h\u0131zl\u0131ca size geri d\u00f6n\u00fc\u015f yapaca\u011f\u0131z. \u0130htiya\u00e7lar\u0131n\u0131za g\u00f6re \u015fekillenen uygun fiyatlar\u0131m\u0131zla, elektrikli ara\u00e7lar\u0131n\u0131z\u0131 sorunsuz bir \u015fekilde \u015farj etmenizi sa\u011flamak i\u00e7in buraday\u0131z. Bizimle ileti\u015fime ge\u00e7in ve size \u00f6zel fiyatlar\u0131m\u0131z\u0131 \u00f6\u011frenin!<\/p>\n\n\n\n<p>Bir s\u00fcre fiyatlar b\u00f6l\u00fcm\u00fcnde do\u011frudan \u00fccretler yaz\u0131lmayacak ancak kurulacak lokasyon, kablo, pano,vs gibi giderler i\u00e7in ileti\u015fime ge\u00e7iniz. Sizden gelen bilgilere g\u00f6re fiyat teklifi olu\u015fturulup d\u00f6n\u00fc\u015f sa\u011flanacakt\u0131r.<\/p>\n","protected":false},"excerpt":{"rendered":"<p>&#8220;Elektrikli Ara\u00e7 \u015earj Sistemleri Hizmetiyle \u0130lgili Fiyatlar Konusunda Bilgi Al\u0131n!&#8221; Elektrikli ara\u00e7 sahipleri i\u00e7in kaliteli \u015farj sistemleri sunan \u015farj kurulum, sizin i\u00e7in en uygun \u00e7\u00f6z\u00fcmleri sunmak i\u00e7in burada! Fiyatlar konusunda sizi direkt olarak do\u011frudan bilgilendirmek yerine, ihtiyac\u0131n\u0131za \u00f6zel bir teklif sunabilmemiz i\u00e7in l\u00fctfen bizimle ileti\u015fime ge\u00e7in. Kurulum yerinizden, kablo uzunlu\u011fundan, panonun \u00f6zelliklerine kadar t\u00fcm detaylar\u0131 [&hellip;]<\/p>\n","protected":false},"author":1,"featured_media":0,"parent":0,"menu_order":0,"comment_status":"closed","ping_status":"closed","template":"","meta":{"om_disable_all_campaigns":false,"_monsterinsights_skip_tracking":false,"_monsterinsights_sitenote_active":false,"_monsterinsights_sitenote_note":"","_monsterinsights_sitenote_category":0,"_uf_show_specific_survey":0,"_uf_disable_surveys":false,"footnotes":""},"class_list":["post-153","page","type-page","status-publish","hentry"],"aioseo_notices":[],"_links":{"self":[{"href":"https:\/\/sarjkurulum.com\/index.php\/wp-json\/wp\/v2\/pages\/153","targetHints":{"allow":["GET"]}}],"collection":[{"href":"https:\/\/sarjkurulum.com\/index.php\/wp-json\/wp\/v2\/pages"}],"about":[{"href":"https:\/\/sarjkurulum.com\/index.php\/wp-json\/wp\/v2\/types\/page"}],"author":[{"embeddable":true,"href":"https:\/\/sarjkurulum.com\/index.php\/wp-json\/wp\/v2\/users\/1"}],"replies":[{"embeddable":true,"href":"https:\/\/sarjkurulum.com\/index.php\/wp-json\/wp\/v2\/comments?post=153"}],"version-history":[{"count":2,"href":"https:\/\/sarjkurulum.com\/index.php\/wp-json\/wp\/v2\/pages\/153\/revisions"}],"predecessor-version":[{"id":414,"href":"https:\/\/sarjkurulum.com\/index.php\/wp-json\/wp\/v2\/pages\/153\/revisions\/414"}],"wp:attachment":[{"href":"https:\/\/sarjkurulum.com\/index.php\/wp-json\/wp\/v2\/media?parent=153"}],"curies":[{"name":"wp","href":"https:\/\/api.w.org\/{rel}","templated":true}]}}