{"id":10,"date":"2022-11-05T13:00:39","date_gmt":"2022-11-05T10:00:39","guid":{"rendered":"https:\/\/sarjkurulum.com\/?page_id=10"},"modified":"2025-11-23T21:06:30","modified_gmt":"2025-11-23T18:06:30","slug":"iletisim","status":"publish","type":"page","link":"https:\/\/sarjkurulum.com\/index.php\/iletisim\/","title":{"rendered":"\u0130leti\u015fim"},"content":{"rendered":"\n<p><strong>&#8220;Elektrikli Ara\u00e7lar\u0131n\u0131z \u0130\u00e7in \u015earj Kurulumunu Tercih Edin!&#8221;<\/strong><\/p>\n\n\n\n<p>Ankara&#8217;n\u0131n \u0130vedik Organize Sanayi B\u00f6lgesi&#8217;nde bulunan i\u015fletmemiz, elektrikli ara\u00e7lar\u0131n\u0131z i\u00e7in en iyi \u015farj \u00e7\u00f6z\u00fcmlerini sunuyor. Yenimahalle&#8217;deki adresimizle, sizlere en kaliteli hizmeti sunmak i\u00e7in haz\u0131r\u0131z.<\/p>\n\n\n\n<p>Bizimle ileti\u015fime ge\u00e7in ve elektrikli ara\u00e7lar\u0131n\u0131z i\u00e7in en iyi \u015farj sistemlerini ke\u015ffedin. G\u00fcvenilirlik ve h\u0131z\u0131n bir araya geldi\u011fi bu adresi tercih ederek, elektrikli ara\u00e7lar\u0131n\u0131z\u0131 en iyi \u015fekilde \u015farj etme f\u0131rsat\u0131n\u0131 ka\u00e7\u0131rmay\u0131n!<\/p>\n\n\n\n<p>Elektrikli ara\u00e7lar\u0131n\u0131z\u0131 \u015farj etmek i\u00e7in en g\u00fcvenilir ve h\u0131zl\u0131 \u00e7\u00f6z\u00fcm\u00fc bulmak istiyorsan\u0131z, bize ula\u015f\u0131n. \u0130\u015fte ileti\u015fim bilgilerimiz:<\/p>\n\n\n\n<p>Adres: \u0130vedik OSB. 1122, 1464 Sok No: 4 Yenimahalle\/Ankara<\/p>\n\n\n\n<p>Cep Tel : <a href=\"tel:05079493301\">05079493301<\/a><\/p>\n","protected":false},"excerpt":{"rendered":"<p>&#8220;Elektrikli Ara\u00e7lar\u0131n\u0131z \u0130\u00e7in \u015earj Kurulumunu Tercih Edin!&#8221; Ankara&#8217;n\u0131n \u0130vedik Organize Sanayi B\u00f6lgesi&#8217;nde bulunan i\u015fletmemiz, elektrikli ara\u00e7lar\u0131n\u0131z i\u00e7in en iyi \u015farj \u00e7\u00f6z\u00fcmlerini sunuyor. Yenimahalle&#8217;deki adresimizle, sizlere en kaliteli hizmeti sunmak i\u00e7in haz\u0131r\u0131z. Bizimle ileti\u015fime ge\u00e7in ve elektrikli ara\u00e7lar\u0131n\u0131z i\u00e7in en iyi \u015farj sistemlerini ke\u015ffedin. G\u00fcvenilirlik ve h\u0131z\u0131n bir araya geldi\u011fi bu adresi tercih ederek, elektrikli ara\u00e7lar\u0131n\u0131z\u0131 [&hellip;]<\/p>\n","protected":false},"author":1,"featured_media":0,"parent":0,"menu_order":0,"comment_status":"closed","ping_status":"closed","template":"","meta":{"om_disable_all_campaigns":false,"_monsterinsights_skip_tracking":false,"_monsterinsights_sitenote_active":false,"_monsterinsights_sitenote_note":"","_monsterinsights_sitenote_category":0,"_uf_show_specific_survey":0,"_uf_disable_surveys":false,"footnotes":""},"class_list":["post-10","page","type-page","status-publish","hentry"],"aioseo_notices":[],"_links":{"self":[{"href":"https:\/\/sarjkurulum.com\/index.php\/wp-json\/wp\/v2\/pages\/10","targetHints":{"allow":["GET"]}}],"collection":[{"href":"https:\/\/sarjkurulum.com\/index.php\/wp-json\/wp\/v2\/pages"}],"about":[{"href":"https:\/\/sarjkurulum.com\/index.php\/wp-json\/wp\/v2\/types\/page"}],"author":[{"embeddable":true,"href":"https:\/\/sarjkurulum.com\/index.php\/wp-json\/wp\/v2\/users\/1"}],"replies":[{"embeddable":true,"href":"https:\/\/sarjkurulum.com\/index.php\/wp-json\/wp\/v2\/comments?post=10"}],"version-history":[{"count":11,"href":"https:\/\/sarjkurulum.com\/index.php\/wp-json\/wp\/v2\/pages\/10\/revisions"}],"predecessor-version":[{"id":689,"href":"https:\/\/sarjkurulum.com\/index.php\/wp-json\/wp\/v2\/pages\/10\/revisions\/689"}],"wp:attachment":[{"href":"https:\/\/sarjkurulum.com\/index.php\/wp-json\/wp\/v2\/media?parent=10"}],"curies":[{"name":"wp","href":"https:\/\/api.w.org\/{rel}","templated":true}]}}